{"id":568,"date":"2024-08-27T08:44:45","date_gmt":"2024-08-27T07:44:45","guid":{"rendered":"https:\/\/eco-it.at\/?page_id=568"},"modified":"2025-04-06T18:06:34","modified_gmt":"2025-04-06T17:06:34","slug":"cloud","status":"publish","type":"page","link":"https:\/\/eco-it.at\/index.php\/cloud\/","title":{"rendered":"Nextcloud Hosting bei eco IT: Ihre sichere Cloud-L\u00f6sung"},"content":{"rendered":"\n<p>Wir bieten Ihnen eine sichere und datenschutzkonforme Cloud-L\u00f6sung mit unserer Nextcloud-Hosting Dienstleistung. Mit Nextcloud k\u00f6nnen Sie Ihre Dateien, Kalender, Kontakte und vieles mehr in einer gesch\u00fctzten Umgebung verwalten \u2013 ideal f\u00fcr Privatpersonen, kleine Unternehmen und Organisationen, die Wert auf Sicherheit und Datenschutz legen.<\/p>\n\n\n\n<h3 class=\"wp-block-heading\">In allen Paketen enthalten<\/h3>\n\n\n\n<ul class=\"wp-block-list\">\n<li>Sicherer Zugriff auf Ihre Daten von \u00fcberall<\/li>\n\n\n\n<li>Einfache Verwaltung von Dateien und Ordnern<\/li>\n\n\n\n<li>Synchronisation zwischen all Ihren Ger\u00e4ten<\/li>\n\n\n\n<li>Verschl\u00fcsselte Daten\u00fcbertragung<\/li>\n\n\n\n<li>Gemeinsame Bearbeitung von Dokumenten in Echtzeit (Collabora Online)<\/li>\n\n\n\n<li>Integrierte Kalender- und Kontaktverwaltung<\/li>\n<\/ul>\n\n\n\n<h3 class=\"wp-block-heading\"><strong>Pakete (Preise inkl USt.): <\/strong><\/h3>\n\n\n\n<figure class=\"wp-block-table is-style-stripes has-small-font-size\"><table class=\"has-cyan-bluish-gray-background-color has-background\"><thead><tr><th><\/th><th class=\"has-text-align-left\" data-align=\"left\">Minimal<\/th><th class=\"has-text-align-left\" data-align=\"left\">Basic<\/th><th class=\"has-text-align-left\" data-align=\"left\">Standard<\/th><th class=\"has-text-align-left\" data-align=\"left\">Premium<\/th><th>Business<\/th><\/tr><\/thead><tbody><tr><td>Monatlich<\/td><td class=\"has-text-align-left\" data-align=\"left\">6\u20ac<\/td><td class=\"has-text-align-left\" data-align=\"left\">7,50\u20ac<\/td><td class=\"has-text-align-left\" data-align=\"left\">12\u20ac<\/td><td class=\"has-text-align-left\" data-align=\"left\">25\u20ac<\/td><td>45\u20ac<\/td><\/tr><tr><td>J\u00e4hrlich<\/td><td class=\"has-text-align-left\" data-align=\"left\">72\u20ac<\/td><td class=\"has-text-align-left\" data-align=\"left\">90\u20ac<\/td><td class=\"has-text-align-left\" data-align=\"left\">144\u20ac<\/td><td class=\"has-text-align-left\" data-align=\"left\">300\u20ac<\/td><td>540\u20ac<\/td><\/tr><tr><td>Verrechnung<\/td><td class=\"has-text-align-left\" data-align=\"left\">J\u00e4hrlich<\/td><td class=\"has-text-align-left\" data-align=\"left\">J\u00e4hrlich<\/td><td class=\"has-text-align-left\" data-align=\"left\">J\u00e4hrlich<\/td><td class=\"has-text-align-left\" data-align=\"left\">Monatlich<\/td><td>Monatlich<\/td><\/tr><tr><td>Speicherplatz<\/td><td class=\"has-text-align-left\" data-align=\"left\">50 GB<\/td><td class=\"has-text-align-left\" data-align=\"left\">100 GB<\/td><td class=\"has-text-align-left\" data-align=\"left\">200 GB<\/td><td class=\"has-text-align-left\" data-align=\"left\">500 GB<\/td><td>1 TB<\/td><\/tr><tr><td>Benutzer<\/td><td class=\"has-text-align-left\" data-align=\"left\">1<\/td><td class=\"has-text-align-left\" data-align=\"left\">1<\/td><td class=\"has-text-align-left\" data-align=\"left\">Bis zu 3<\/td><td class=\"has-text-align-left\" data-align=\"left\">Bis zu 10<\/td><td>Unlimitiert<\/td><\/tr><\/tbody><\/table><\/figure>\n\n\n\n<h3 class=\"wp-block-heading\"><strong>Warum Nextcloud bei eco-IT?<\/strong><\/h3>\n\n\n\n<ul class=\"wp-block-list\">\n<li><strong>Datensicherheit:<\/strong> Ihre Daten werden in einem zertifizierten Rechenzentrum in Deutschland gehostet, das h\u00f6chste Sicherheitsstandards erf\u00fcllt.<\/li>\n\n\n\n<li><strong>Datenschutz:<\/strong> Wir garantieren Ihnen vollst\u00e4ndige Kontrolle \u00fcber Ihre Daten \u2013 keine Datenweitergabe an Dritte.<\/li>\n\n\n\n<li><strong>Nachhaltigkeit:<\/strong> Als Teil unserer \u00f6kologischen Verantwortung setzen wir auf umweltfreundliche Technologien und energieeffiziente Infrastruktur.<\/li>\n<\/ul>\n\n\n\n<h3 class=\"wp-block-heading\"><strong>Kontaktieren Sie uns!<\/strong><\/h3>\n\n\n\n<p>Sie haben Fragen zu unseren Paketen oder m\u00f6chten ein individuelles Angebot? Wir beraten Sie gerne pers\u00f6nlich und finden die optimale L\u00f6sung f\u00fcr Ihre Anforderungen.<\/p>\n\n\n\n<p><\/p>\n\n\n\n<p><\/p>\n","protected":false},"excerpt":{"rendered":"<p>Wir bieten Ihnen eine sichere und datenschutzkonforme Cloud-L\u00f6sung mit unserer Nextcloud-Hosting Dienstleistung. Mit Nextcloud k\u00f6nnen Sie Ihre Dateien, Kalender, Kontakte und vieles mehr in einer gesch\u00fctzten Umgebung verwalten \u2013 ideal f\u00fcr Privatpersonen, kleine Unternehmen und Organisationen, die Wert auf Sicherheit und Datenschutz legen. In allen Paketen enthalten Pakete (Preise inkl USt.): Minimal Basic Standard Premium<\/p>\n<p class=\"link-more\"><a href=\"https:\/\/eco-it.at\/index.php\/cloud\/\" class=\"more-link btn btn-outline-primary\">Read More <span class=\"screen-reader-text\">Nextcloud Hosting bei eco IT: Ihre sichere Cloud-L\u00f6sung<\/span><\/a><\/p>\n","protected":false},"author":1,"featured_media":0,"parent":0,"menu_order":0,"comment_status":"closed","ping_status":"closed","template":"","meta":{"footnotes":""},"class_list":["post-568","page","type-page","status-publish","hentry"],"aioseo_notices":[],"_links":{"self":[{"href":"https:\/\/eco-it.at\/index.php\/wp-json\/wp\/v2\/pages\/568","targetHints":{"allow":["GET"]}}],"collection":[{"href":"https:\/\/eco-it.at\/index.php\/wp-json\/wp\/v2\/pages"}],"about":[{"href":"https:\/\/eco-it.at\/index.php\/wp-json\/wp\/v2\/types\/page"}],"author":[{"embeddable":true,"href":"https:\/\/eco-it.at\/index.php\/wp-json\/wp\/v2\/users\/1"}],"replies":[{"embeddable":true,"href":"https:\/\/eco-it.at\/index.php\/wp-json\/wp\/v2\/comments?post=568"}],"version-history":[{"count":18,"href":"https:\/\/eco-it.at\/index.php\/wp-json\/wp\/v2\/pages\/568\/revisions"}],"predecessor-version":[{"id":603,"href":"https:\/\/eco-it.at\/index.php\/wp-json\/wp\/v2\/pages\/568\/revisions\/603"}],"wp:attachment":[{"href":"https:\/\/eco-it.at\/index.php\/wp-json\/wp\/v2\/media?parent=568"}],"curies":[{"name":"wp","href":"https:\/\/api.w.org\/{rel}","templated":true}]}}