{"id":50,"date":"2021-02-08T09:44:56","date_gmt":"2021-02-08T09:44:56","guid":{"rendered":"https:\/\/ecos.natali.at\/?page_id=50"},"modified":"2023-01-06T09:10:09","modified_gmt":"2023-01-06T08:10:09","slug":"systemhaus","status":"publish","type":"page","link":"https:\/\/eco-it.at\/index.php\/systemhaus\/","title":{"rendered":"Systemhaus"},"content":{"rendered":"\n<div class=\"wp-block-group alignwide\"><div class=\"wp-block-group__inner-container is-layout-flow wp-block-group-is-layout-flow\">\n<p class=\"full\">Wir bieten als Systemhaus insbesondere in Graz und Klagenfurt die Betreuung von Kundensystemen an. <a href=\"https:\/\/eco-it.at\/index.php\/softwareentwicklung\/\">Desweiteren entwicklen wir auch eigene neue L\u00f6sungen bzw. erweitern bestehende.<\/a><\/p>\n<\/div><\/div>\n\n\n\n<p>Unsere bevorzugten verwendeten Softwarepakete sind folgende:<\/p>\n\n\n\n<div class=\"wp-block-columns alignwide is-layout-flex wp-container-core-columns-is-layout-9d6595d7 wp-block-columns-is-layout-flex\">\n<div class=\"wp-block-column is-layout-flow wp-block-column-is-layout-flow\">\n<h4 class=\"wp-block-heading\">Windows Umgebungen<\/h4>\n\n\n\n<ul class=\"wp-block-list\">\n<li>Windows Deployment Server (WDS)<\/li>\n\n\n\n<li>Windows Clients<\/li>\n\n\n\n<li>Windows Fileserver<\/li>\n\n\n\n<li>Active Directories <\/li>\n\n\n\n<li>Windows Update Services (WSUS)<\/li>\n<\/ul>\n<\/div>\n\n\n\n<div class=\"wp-block-column is-layout-flow wp-block-column-is-layout-flow\">\n<h4 class=\"wp-block-heading\">Web Umgebungen<\/h4>\n\n\n\n<ul class=\"wp-block-list\">\n<li>Python Web (Flask\/Django)<\/li>\n\n\n\n<li>Apache &amp; Nginx<\/li>\n\n\n\n<li>Typo3<\/li>\n\n\n\n<li>WordPress<\/li>\n\n\n\n<li>Mediawiki<\/li>\n\n\n\n<li>Owncloud\/Nextcloud <\/li>\n\n\n\n<li>Rocket.Chat<\/li>\n\n\n\n<li>SOGo <\/li>\n<\/ul>\n<\/div>\n\n\n\n<div class=\"wp-block-column is-layout-flow wp-block-column-is-layout-flow\">\n<h4 class=\"wp-block-heading\">Linux Umgebungen<\/h4>\n\n\n\n<ul class=\"wp-block-list\">\n<li>Proxmox<\/li>\n\n\n\n<li>Mailman<\/li>\n\n\n\n<li>Folding<\/li>\n\n\n\n<li>OpenVPN<\/li>\n\n\n\n<li>Zabbix<\/li>\n<\/ul>\n<\/div>\n<\/div>\n\n\n\n<p>Wir schrecken nat\u00fcrlich nicht davor zur\u00fcck andere L\u00f6sungen zu verwenden und eigene zu entwickeln.<\/p>\n\n\n\n<h2 class=\"wp-block-heading\">B\u00fcroausstattung<\/h2>\n\n\n\n<p>Zus\u00e4tzlich zur notwendigen Software bieten wir nat\u00fcrlich auch vollwertige und ma\u00dfgeschneiderte B\u00fcroausstattung in Form von Hardware an. Hier setzen wir gerne wo es m\u00f6glich ist auf nachhaltige und auch gebrauchte L\u00f6sungen.<\/p>\n\n\n\n<h2 class=\"wp-block-heading\">Serverausstattung<\/h2>\n\n\n\n<p>Um einen st\u00f6rungsfreien Betrieb zu gew\u00e4hrleisten bieten wir gerne die Zusammenstellung der notwendigen Serverhardware an oder betreiben Ihre Dienste auch gerne in einem nachhaltigen Rechenzentrum unseres Vertrauens.<\/p>\n\n\n\n<h2 class=\"wp-block-heading\">SOHO Ausstattung<\/h2>\n\n\n\n<p>Spezielle Zeiten erfordern spezielle L\u00f6sungen. Umso mehr Menschen im Home Office arbeiten, desto wichtiger ist ein schnelles und zuverl\u00e4ssiges Heimnetzwerk. Deshalb bieten wir auch ma\u00dfgeschneiderte L\u00f6sungen f\u00fcr Small Offices und Home-Offices in Form von NAS-Servern an, welche einen zentralen Netzwerkknoten darstellen und eine sichere Kommunikation der Ger\u00e4te im Internet garantieren.<\/p>\n\n\n\n<p><a href=\"https:\/\/eco-it.at\/index.php\/contact\/\">Kontaktieren Sie uns<\/a> bei Fragen. In weiterer Folge erstellen wir Ihnen gerne ein Angebot. <\/p>\n","protected":false},"excerpt":{"rendered":"<p>Wir bieten als Systemhaus insbesondere in Graz und Klagenfurt die Betreuung von Kundensystemen an. Desweiteren entwicklen wir auch eigene neue L\u00f6sungen bzw. erweitern bestehende. Unsere bevorzugten verwendeten Softwarepakete sind folgende: Windows Umgebungen Web Umgebungen Linux Umgebungen Wir schrecken nat\u00fcrlich nicht davor zur\u00fcck andere L\u00f6sungen zu verwenden und eigene zu entwickeln. B\u00fcroausstattung Zus\u00e4tzlich zur notwendigen Software<\/p>\n<p class=\"link-more\"><a href=\"https:\/\/eco-it.at\/index.php\/systemhaus\/\" class=\"more-link btn btn-outline-primary\">Read More <span class=\"screen-reader-text\">Systemhaus<\/span><\/a><\/p>\n","protected":false},"author":1,"featured_media":0,"parent":0,"menu_order":0,"comment_status":"closed","ping_status":"closed","template":"","meta":{"footnotes":""},"class_list":["post-50","page","type-page","status-publish","hentry"],"aioseo_notices":[],"_links":{"self":[{"href":"https:\/\/eco-it.at\/index.php\/wp-json\/wp\/v2\/pages\/50","targetHints":{"allow":["GET"]}}],"collection":[{"href":"https:\/\/eco-it.at\/index.php\/wp-json\/wp\/v2\/pages"}],"about":[{"href":"https:\/\/eco-it.at\/index.php\/wp-json\/wp\/v2\/types\/page"}],"author":[{"embeddable":true,"href":"https:\/\/eco-it.at\/index.php\/wp-json\/wp\/v2\/users\/1"}],"replies":[{"embeddable":true,"href":"https:\/\/eco-it.at\/index.php\/wp-json\/wp\/v2\/comments?post=50"}],"version-history":[{"count":19,"href":"https:\/\/eco-it.at\/index.php\/wp-json\/wp\/v2\/pages\/50\/revisions"}],"predecessor-version":[{"id":491,"href":"https:\/\/eco-it.at\/index.php\/wp-json\/wp\/v2\/pages\/50\/revisions\/491"}],"wp:attachment":[{"href":"https:\/\/eco-it.at\/index.php\/wp-json\/wp\/v2\/media?parent=50"}],"curies":[{"name":"wp","href":"https:\/\/api.w.org\/{rel}","templated":true}]}}