{"id":49,"date":"2021-02-08T09:44:56","date_gmt":"2021-02-08T09:44:56","guid":{"rendered":"https:\/\/ecos.natali.at\/?page_id=49"},"modified":"2024-02-25T12:39:54","modified_gmt":"2024-02-25T11:39:54","slug":"impressum","status":"publish","type":"page","link":"https:\/\/eco-it.at\/index.php\/impressum\/","title":{"rendered":"Impressum"},"content":{"rendered":"\n<p><strong>Medieninhaber<\/strong><br>eco IT GmbH<br>Brucknerstra\u00dfe 6\/2\/15<br>8010 Graz<br>\u00d6sterreich<br>T: +43 699 172 41 001<br>M:\u00a0office@eco-it.at<\/p>\n\n\n\n<p><\/p>\n\n\n\n<p><strong>Firmenrechtliche Informationen<\/strong><br>Firmensitz: Graz<br>Firmenbuchgericht: Landesgericht Graz<br>Firmenbuchnummer: FN 622428 k<\/p>\n\n\n\n<p><\/p>\n\n\n\n<p><strong>Gesch\u00e4ftsf\u00fchrung<\/strong><br>Dipl.-Ing. Meister Valentin Gritsch, BSc.<\/p>\n\n\n\n<p><\/p>\n\n\n\n<p><strong>Unternehmensgegenst\u00e4nd<\/strong>e<br>IT-Dienstleistungen<\/p>\n\n\n\n<p><\/p>\n","protected":false},"excerpt":{"rendered":"<p>Medieninhabereco IT GmbHBrucknerstra\u00dfe 6\/2\/158010 Graz\u00d6sterreichT: +43 699 172 41 001M:\u00a0office@eco-it.at Firmenrechtliche InformationenFirmensitz: GrazFirmenbuchgericht: Landesgericht GrazFirmenbuchnummer: FN 622428 k Gesch\u00e4ftsf\u00fchrungDipl.-Ing. Meister Valentin Gritsch, BSc. Unternehmensgegenst\u00e4ndeIT-Dienstleistungen<\/p>\n","protected":false},"author":1,"featured_media":0,"parent":0,"menu_order":0,"comment_status":"closed","ping_status":"closed","template":"","meta":{"footnotes":""},"class_list":["post-49","page","type-page","status-publish","hentry"],"aioseo_notices":[],"_links":{"self":[{"href":"https:\/\/eco-it.at\/index.php\/wp-json\/wp\/v2\/pages\/49","targetHints":{"allow":["GET"]}}],"collection":[{"href":"https:\/\/eco-it.at\/index.php\/wp-json\/wp\/v2\/pages"}],"about":[{"href":"https:\/\/eco-it.at\/index.php\/wp-json\/wp\/v2\/types\/page"}],"author":[{"embeddable":true,"href":"https:\/\/eco-it.at\/index.php\/wp-json\/wp\/v2\/users\/1"}],"replies":[{"embeddable":true,"href":"https:\/\/eco-it.at\/index.php\/wp-json\/wp\/v2\/comments?post=49"}],"version-history":[{"count":21,"href":"https:\/\/eco-it.at\/index.php\/wp-json\/wp\/v2\/pages\/49\/revisions"}],"predecessor-version":[{"id":563,"href":"https:\/\/eco-it.at\/index.php\/wp-json\/wp\/v2\/pages\/49\/revisions\/563"}],"wp:attachment":[{"href":"https:\/\/eco-it.at\/index.php\/wp-json\/wp\/v2\/media?parent=49"}],"curies":[{"name":"wp","href":"https:\/\/api.w.org\/{rel}","templated":true}]}}