{"id":386,"date":"2021-10-26T15:00:20","date_gmt":"2021-10-26T14:00:20","guid":{"rendered":"http:\/\/192.168.100.118\/?page_id=386"},"modified":"2023-11-27T11:21:45","modified_gmt":"2023-11-27T10:21:45","slug":"ueber-uns","status":"publish","type":"page","link":"https:\/\/eco-it.at\/index.php\/ueber-uns\/","title":{"rendered":"\u00dcber uns"},"content":{"rendered":"\n<h2 class=\"wp-block-heading\">Team<\/h2>\n\n\n\n<p>Wer uns sein Projekt anvertraut, setzt auf ein junges, innovatives und vor allem perfekt eingespieltes Team.<\/p>\n\n\n\n<figure class=\"wp-block-table\"><table><tbody><tr><td> Gr\u00fcnder<br>Gesch\u00e4ftsf\u00fchrer<br><\/td><td> Gr\u00fcnder<\/td><td> Gr\u00fcnder<\/td><\/tr><tr><td><img loading=\"lazy\" decoding=\"async\" width=\"150\" height=\"184\" class=\"wp-image-497\" style=\"width: 150px;\" src=\"https:\/\/eco-it.at\/wp-content\/uploads\/2023\/01\/Gritsch_wHG.png\" alt=\"\" srcset=\"https:\/\/eco-it.at\/wp-content\/uploads\/2023\/01\/Gritsch_wHG.png 1549w, https:\/\/eco-it.at\/wp-content\/uploads\/2023\/01\/Gritsch_wHG-244x300.png 244w, https:\/\/eco-it.at\/wp-content\/uploads\/2023\/01\/Gritsch_wHG-834x1024.png 834w, https:\/\/eco-it.at\/wp-content\/uploads\/2023\/01\/Gritsch_wHG-768x943.png 768w, https:\/\/eco-it.at\/wp-content\/uploads\/2023\/01\/Gritsch_wHG-1252x1536.png 1252w\" sizes=\"auto, (max-width: 150px) 100vw, 150px\" \/><\/td><td><img loading=\"lazy\" decoding=\"async\" width=\"150\" height=\"184\" class=\"wp-image-499\" style=\"width: 150px;\" src=\"https:\/\/eco-it.at\/wp-content\/uploads\/2023\/01\/Natali_wHG.png\" alt=\"\" srcset=\"https:\/\/eco-it.at\/wp-content\/uploads\/2023\/01\/Natali_wHG.png 1249w, https:\/\/eco-it.at\/wp-content\/uploads\/2023\/01\/Natali_wHG-244x300.png 244w, https:\/\/eco-it.at\/wp-content\/uploads\/2023\/01\/Natali_wHG-834x1024.png 834w, https:\/\/eco-it.at\/wp-content\/uploads\/2023\/01\/Natali_wHG-768x943.png 768w\" sizes=\"auto, (max-width: 150px) 100vw, 150px\" \/><\/td><td><img loading=\"lazy\" decoding=\"async\" width=\"150\" height=\"184\" class=\"wp-image-500\" style=\"width: 150px;\" src=\"https:\/\/eco-it.at\/wp-content\/uploads\/2023\/01\/Gualdi_wHG.png\" alt=\"\" srcset=\"https:\/\/eco-it.at\/wp-content\/uploads\/2023\/01\/Gualdi_wHG.png 1549w, https:\/\/eco-it.at\/wp-content\/uploads\/2023\/01\/Gualdi_wHG-244x300.png 244w, https:\/\/eco-it.at\/wp-content\/uploads\/2023\/01\/Gualdi_wHG-834x1024.png 834w, https:\/\/eco-it.at\/wp-content\/uploads\/2023\/01\/Gualdi_wHG-768x943.png 768w, https:\/\/eco-it.at\/wp-content\/uploads\/2023\/01\/Gualdi_wHG-1252x1536.png 1252w\" sizes=\"auto, (max-width: 150px) 100vw, 150px\" \/><\/td><\/tr><tr><td><br><strong>Valentin Gritsch<\/strong> <br> Dipl.-Ing. Meister BSc.<br>  <br><\/td><td><br><strong>Manuel Natali<\/strong><br>Ing. Dipl.-Ing. BSc. <br><br><\/td><td><br><strong>Philipp Gualdi<\/strong><br>Dipl.-Ing. BSc. <br><br><\/td><\/tr><tr><td>E-Mail: <a href=\"mailto:v.gritsch@eco-it.at\">v.gritsch@eco-it.at<\/a><br>Tel.: +4369917241001<\/td><td> E-Mail: <a href=\"mailto:m.natali@eco-it.at\" title=\"E-Mail\">m.natali@eco-it.at<\/a> <br>Tel.: +436507139346 <\/td><td> E-Mail: <a href=\"mailto:p.gualdi@eco-it.at\">p.gualdi@eco-it.at<\/a><br>Tel.: +4367761829324<\/td><\/tr><\/tbody><\/table><\/figure>\n","protected":false},"excerpt":{"rendered":"<p>Team Wer uns sein Projekt anvertraut, setzt auf ein junges, innovatives und vor allem perfekt eingespieltes Team. Gr\u00fcnderGesch\u00e4ftsf\u00fchrer Gr\u00fcnder Gr\u00fcnder Valentin Gritsch Dipl.-Ing. Meister BSc. Manuel NataliIng. Dipl.-Ing. BSc. Philipp GualdiDipl.-Ing. BSc. E-Mail: v.gritsch@eco-it.atTel.: +4369917241001 E-Mail: m.natali@eco-it.at Tel.: +436507139346 E-Mail: p.gualdi@eco-it.atTel.: +4367761829324<\/p>\n","protected":false},"author":1,"featured_media":0,"parent":0,"menu_order":0,"comment_status":"closed","ping_status":"closed","template":"","meta":{"footnotes":""},"class_list":["post-386","page","type-page","status-publish","hentry"],"aioseo_notices":[],"_links":{"self":[{"href":"https:\/\/eco-it.at\/index.php\/wp-json\/wp\/v2\/pages\/386","targetHints":{"allow":["GET"]}}],"collection":[{"href":"https:\/\/eco-it.at\/index.php\/wp-json\/wp\/v2\/pages"}],"about":[{"href":"https:\/\/eco-it.at\/index.php\/wp-json\/wp\/v2\/types\/page"}],"author":[{"embeddable":true,"href":"https:\/\/eco-it.at\/index.php\/wp-json\/wp\/v2\/users\/1"}],"replies":[{"embeddable":true,"href":"https:\/\/eco-it.at\/index.php\/wp-json\/wp\/v2\/comments?post=386"}],"version-history":[{"count":35,"href":"https:\/\/eco-it.at\/index.php\/wp-json\/wp\/v2\/pages\/386\/revisions"}],"predecessor-version":[{"id":555,"href":"https:\/\/eco-it.at\/index.php\/wp-json\/wp\/v2\/pages\/386\/revisions\/555"}],"wp:attachment":[{"href":"https:\/\/eco-it.at\/index.php\/wp-json\/wp\/v2\/media?parent=386"}],"curies":[{"name":"wp","href":"https:\/\/api.w.org\/{rel}","templated":true}]}}